{"id":1763,"date":"2017-08-10T00:09:28","date_gmt":"2017-08-09T22:09:28","guid":{"rendered":"http:\/\/www.nina-jaeger.de\/blog\/?page_id=1763"},"modified":"2017-08-10T00:09:28","modified_gmt":"2017-08-09T22:09:28","slug":"datenschutzerklarung","status":"publish","type":"page","link":"http:\/\/www.nina-jaeger.de\/blog\/?page_id=1763","title":{"rendered":"Datenschutzerkl\u00e4rung"},"content":{"rendered":"<p>Die Nutzung unserer Seite ist ohne eine Angabe von personenbezogenen Daten m\u00f6glich. F\u00fcr die Nutzung einzelner Services unserer Seite k\u00f6nnen sich hierf\u00fcr abweichende Regelungen ergeben, die in diesem Falle nachstehend gesondert erl\u00e4utert werden. Ihre personenbezogenen Daten (z.B. Name, Anschrift, E-Mail, Telefonnummer, u.\u00e4.) werden von uns nur gem\u00e4\u00df den Bestimmungen des deutschen Datenschutzrechts verarbeitet. Daten sind dann personenbezogen, wenn sie eindeutig einer bestimmten nat\u00fcrlichen Person zugeordnet werden k\u00f6nnen. Die rechtlichen Grundlagen des Datenschutzes finden Sie im Bundesdatenschutzgesetz (BDSG) und dem Telemediengesetz (TMG). Nachstehende Regelungen informieren Sie insoweit \u00fcber die Art, den Umfang und Zweck der Erhebung, die Nutzung und die Verarbeitung von personenbezogenen Daten durch den Anbieter<\/p>\n<p><strong>Nina J\u00e4ger<br \/>\nNordendstr. 2a<br \/>\n82256 F\u00fcrstenfeldbruck<\/strong><strong><br \/>\n<a href=\"http:\/\/www.nina-jaeger.de\/blog\/wp-content\/uploads\/2017\/08\/mail_pic.png\"><img loading=\"lazy\" class=\"size-full wp-image-1764 alignleft\" src=\"http:\/\/www.nina-jaeger.de\/blog\/wp-content\/uploads\/2017\/08\/mail_pic.png\" alt=\"\" width=\"219\" height=\"55\" \/><\/a><\/strong><\/p>\n<p>&nbsp;<\/p>\n<p>&nbsp;<\/p>\n<p>Wir weisen darauf hin, dass die internetbasierte Daten\u00fcbertragung Sicherheitsl\u00fccken aufweist, ein l\u00fcckenloser Schutz vor Zugriffen durch Dritte somit unm\u00f6glich ist.<\/p>\n<h4>Cookies<\/h4>\n<p>Wir verwenden auf unserer Seite sog. Cookies zum Wiedererkennen mehrfacher Nutzung unseres Angebots, durch denselben Nutzer\/Internetanschlussinhaber. Cookies sind kleine Textdateien, die Ihr Internet-Browser auf Ihrem Rechner ablegt und speichert. Sie dienen dazu, unseren Internetauftritt und unsere Angebote zu optimieren. Es handelt sich dabei zumeist um sog. &#8222;Session-Cookies&#8220;, die nach dem Ende Ihres Besuches wieder gel\u00f6scht werden.<br \/>\nTeilweise geben diese Cookies jedoch Informationen ab, um Sie automatisch wieder zu erkennen. Diese Wiedererkennung erfolgt aufgrund der in den Cookies gespeicherten IP-Adresse. Die so erlangten Informationen dienen dazu, unsere Angebote zu optimieren und Ihnen einen leichteren Zugang auf unsere Seite zu erm\u00f6glichen.<br \/>\nSie k\u00f6nnen die Installation der Cookies durch eine entsprechende Einstellung Ihres Browsers verhindern; wir weisen Sie jedoch darauf hin, dass Sie in diesem Fall gegebenenfalls nicht s\u00e4mtliche Funktionen unserer Website vollumf\u00e4nglich nutzen k\u00f6nnen.<\/p>\n<h4>Serverdaten<\/h4>\n<p>Aus technischen Gr\u00fcnden werden u.a. folgende Daten, die Ihr Internet-Browser an uns bzw. an unseren Webspace-Provider \u00fcbermittelt, erfasst (sogenannte Serverlogfiles):<\/p>\n<p>&#8211; Browsertyp und -version<br \/>\n&#8211; verwendetes Betriebssystem<br \/>\n&#8211; Webseite, von der aus Sie uns besuchen (Referrer URL)<br \/>\n&#8211; Webseite, die Sie besuchen<br \/>\n&#8211; Datum und Uhrzeit Ihres Zugriffs<br \/>\n&#8211; Ihre Internet Protokoll (IP)-Adresse.<\/p>\n<p>Diese anonymen Daten werden getrennt von Ihren eventuell angegebenen personenbezogenen Daten gespeichert und lassen so keine R\u00fcckschl\u00fcsse auf eine bestimmte Person zu. Sie werden zu statistischen Zwecken ausgewertet, um unseren Internetauftritt und unsere Angebote optimieren zu k\u00f6nnen.<\/p>\n<h4>Kontaktm\u00f6glichkeit<\/h4>\n<p>Wir bieten Ihnen auf unserer Seite die M\u00f6glichkeit, mit uns per E-Mail und\/oder \u00fcber ein Kontaktformular in Verbindung zu treten. In diesem Fall werden die vom Nutzer gemachten Angaben zum Zwecke der Bearbeitung seiner Kontaktaufnahme gespeichert. Eine Weitergabe an Dritte erfolgt nicht. Ein Abgleich der so erhobenen Daten mit Daten, die m\u00f6glicherweise durch andere Komponenten unserer Seite erhoben werden, erfolgt ebenfalls nicht.<\/p>\n<h4>Kommentarm\u00f6glichkeit<\/h4>\n<p>Wir bieten Ihnen auf unserer Seite die M\u00f6glichkeit, Kommentare zu den einzelnen Beitr\u00e4gen zu hinterlassen. Hierbei wird die IP- Adresse des Verfassers\/Anschlussinhabers gespeichert. Diese Speicherung erfolgt zu unserer Sicherheit f\u00fcr den Fall, dass vom Verfasser durch seinen Kommentar hierbei in Rechte Dritter eingegriffen wird und\/oder widerrechtliche Inhalte abgesetzt werden. Somit besteht ein Eigeninteresse unsererseits an den gespeicherten Daten des Verfassers, zumal wir unter Umst\u00e4nden wegen derartigen Rechtsverletzungen belangt werden k\u00f6nnen. Eine Weitergabe an Dritte erfolgt nicht. Ein Abgleich der so erhobenen Daten mit Daten, die m\u00f6glicherweise durch andere Komponenten unserer Seite erhoben werden, erfolgt ebenfalls nicht.<\/p>\n<h4>Abonnement von Kommentaren<\/h4>\n<p>Wir bieten Ihnen auf unserer Seite die M\u00f6glichkeit, nachfolgende Kommentare zu einem Beitrag, zu dem Sie im Begriff sind, einen Kommentar zu verfassen, zu abonnieren. Wenn Sie sich f\u00fcr diese M\u00f6glichkeit entscheiden, erhalten Sie eine Best\u00e4tigungs-E-Mail, mit der \u00fcberpr\u00fcft wird, ob Sie auch tats\u00e4chlich der Inhaber der angegebenen E-Mail-Adresse sind. Die Entscheidung zum Abonnement von derartigen Nachfolgekommentaren kann jederzeit wieder abbestellt werden. Einzelheiten hierzu k\u00f6nnen Sie der Best\u00e4tigungsmail entnehmen. Eine Weitergabe der so erlangten Daten an Dritte erfolgt nicht. Ein Abgleich der so erhobenen Daten mit Daten, die m\u00f6glicherweise durch andere Komponenten unserer Seite erhoben werden, erfolgt ebenfalls nicht.<\/p>\n<h4>Einsatz von Google-Maps mit Empfehlungskomponenten<\/h4>\n<p>Wir setzen auf unserer Seite die Komponente &#8222;Google Maps&#8220; in Kombination mit der sogenannten &#8222;Teilen-Funktion&#8220; ein. \u00a0&#8222;Google Maps&#8220; ist ein Service der Firma Google Inc., 1600 Amphitheatre Parkway, Mountain View, CA 94043 USA, nachfolgend \u201eGoogle\u201c.<\/p>\n<p>Bei jedem einzelnen Aufruf dieser Komponente wird von Google ein Cookie gesetzt, um bei der Anzeige der Seite, auf der die Komponente &#8222;Google Maps&#8220; integriert ist, Nutzereinstellungen und -daten zu verarbeiten. Dieses Cookie wird im Regelfall nicht durch das Schlie\u00dfen des Browsers gel\u00f6scht, sondern l\u00e4uft nach einer bestimmten Zeit ab, soweit es nicht von Ihnen zuvor manuell gel\u00f6scht wird.<\/p>\n<p>Wenn Sie mit dieser Verarbeitung Ihrer Daten nicht einverstanden sind, so besteht die M\u00f6glichkeit, den Service von &#8222;Google Maps&#8220; zu deaktivieren und auf diesem Weg die \u00dcbertragung von Daten an Google zu verhindern. Dazu m\u00fcssen Sie die Java-Script-Funktion in Ihrem Browser deaktivieren. Wir weisen Sie jedoch darauf hin, dass Sie in diesem Fall &#8222;Google Maps&#8220; nicht oder nur eingeschr\u00e4nkt nutzen k\u00f6nnen.<\/p>\n<p>Die Nutzung von &#8222;Google Maps&#8220; und der \u00fcber &#8222;Google Maps&#8220; erlangten Informationen erfolgt gem\u00e4\u00df den\u00a0Google-Nutzungsbedingungen<br \/>\n<a href=\"http:\/\/www.google.de\/intl\/de\/policies\/terms\/regional.html\" target=\"_blank\" rel=\"nofollow noopener\">http:\/\/www.google.de\/intl\/de\/policies\/terms\/regional.html<\/a><\/p>\n<p>sowie der zus\u00e4tzlichen\u00a0Gesch\u00e4ftsbedingungen f\u00fcr \u201eGoogle Maps\u201c<br \/>\n<a href=\"https:\/\/www.google.com\/intl\/de_de\/help\/terms_maps.html\" target=\"_blank\" rel=\"nofollow noopener\">https:\/\/www.google.com\/intl\/de_de\/help\/terms_maps.html<\/a><\/p>\n<p>Die Google-Maps Funktion enth\u00e4lt zudem folgende Empfehlungsschaltfl\u00e4chen:<\/p>\n<ul>\n<li>&#8222;Google+-Button&#8220; der Firma Google Inc., 1600 Amphitheatre Parkway, Mountain View, CA 94043 USA;<\/li>\n<li>&#8222;facebook-Button&#8220; der Firma facebook Inc., 1601 S. California Ave, Palo Alto, CA 94304, USA;<\/li>\n<li>&#8222;Twitter-Button&#8220; der Firma Twitter Inc., 795 Folsom St., Suite 600, San Francisco, CA 94107, USA.<\/li>\n<\/ul>\n<p>Mit dem Aufruf der &#8222;Google Maps&#8220;-Seite veranlassen diese \u201eEmpfehlungs-Komponenten\u201c, dass der von Ihnen verwendete Browser eine entsprechende Darstellung der Komponente vom jeweiligen Anbieter herunterl\u00e4dt. Hierdurch wird der jeweilige -vorstehend genannte- Anbieter dar\u00fcber in Kenntnis gesetzt, welche konkrete Seite unseres Internetauftrittes Sie gerade besuchen.<\/p>\n<p>Sind Sie zum Zeitpunkt des Aufrufes der &#8222;Google Maps&#8220; Seite in Ihrem jeweiligen pers\u00f6nlichen Account bei den vorstehend genannten Anbietern eingeloggt, so k\u00f6nnen diese die so erlangten Informationen \u00fcber die von Ihnen weiterempfohlene Webseite sowie Ihre IP-Adresse und andere browserbezogene Informationen erfassen und mit Ihrem jeweiligen Account verkn\u00fcpfen.<\/p>\n<p>Wollen Sie diese \u00dcbermittlung und Speicherung von Daten \u00fcber Sie und Ihr Verhalten auf unserer Webseite durch den jeweiligen Anbieter unterbinden, m\u00fcssen Sie sich bei diesen Anbietern ausloggen bevor Sie unsere Seite besuchen.<\/p>\n<p>N\u00e4heres zu der Datenerfassung der jeweiligen Anbieter k\u00f6nnen Sie \u00fcber die nachfolgenden Links erfahren:<\/p>\n<p>Datenschutzerkl\u00e4rung Twitter: <a href=\"https:\/\/twitter.com\/privacy?lang=de\" target=\"_blank\" rel=\"nofollow noopener\">https:\/\/twitter.com\/privacy?lang=de<\/a><br \/>\nDatenschutzerkl\u00e4rung facebook: <a href=\"https:\/\/de-de.facebook.com\/about\/privacy\">https:\/\/de-de.facebook.com\/about\/privacy<\/a><br \/>\nDatenschutzerkl\u00e4rung Google+: <a href=\"https:\/\/developers.google.com\/+\/web\/buttons-policy\" target=\"_blank\" rel=\"nofollow noopener\">https:\/\/developers.google.com\/+\/web\/buttons-policy<\/a><\/p>\n<h4>Einsatz von Google-Maps<\/h4>\n<p>Wir setzen auf unserer Seite die Komponente &#8222;Google Maps&#8220; der Firma Google Inc., 1600 Amphitheatre Parkway, Mountain View, CA 94043 USA, nachfolgend \u201eGoogle\u201c, ein.<\/p>\n<p>Bei jedem einzelnen Aufruf der Komponente &#8222;Google Maps&#8220; wird von Google ein Cookie gesetzt, um bei der Anzeige der Seite, auf der die Komponente &#8222;Google Maps&#8220; integriert ist, Nutzereinstellungen und -daten zu verarbeiten. Dieses Cookie wird im Regelfall nicht durch das Schlie\u00dfen des Browsers gel\u00f6scht, sondern l\u00e4uft nach einer bestimmten Zeit ab, soweit es nicht von Ihnen zuvor manuell gel\u00f6scht wird.<\/p>\n<p>Wenn Sie mit dieser Verarbeitung Ihrer Daten nicht einverstanden sind, so besteht die M\u00f6glichkeit, den Service von &#8222;Google Maps&#8220; zu deaktivieren und auf diesem Weg die \u00dcbertragung von Daten an Google zu verhindern. Dazu m\u00fcssen Sie die Java-Script-Funktion in Ihrem Browser deaktivieren. Wir weisen Sie jedoch darauf hin, dass Sie in diesem Fall die &#8222;Google Maps&#8220; nicht oder nur eingeschr\u00e4nkt nutzen k\u00f6nnen.<\/p>\n<p>Die Nutzung von &#8222;Google Maps&#8220; und der \u00fcber &#8222;Google Maps&#8220; erlangten Informationen erfolgt gem\u00e4\u00df den\u00a0Google-Nutzungsbedingungen<\/p>\n<p><a href=\"http:\/\/www.google.de\/intl\/de\/policies\/terms\/regional.html\" target=\"_blank\" rel=\"nofollow noopener\">http:\/\/www.google.de\/intl\/de\/policies\/terms\/regional.html<\/a><\/p>\n<p>sowie der zus\u00e4tzlichen\u00a0Gesch\u00e4ftsbedingungen f\u00fcr \u201eGoogle Maps\u201c<\/p>\n<p><a href=\"https:\/\/www.google.com\/intl\/de_de\/help\/terms_maps.html\" target=\"_blank\" rel=\"nofollow noopener\">https:\/\/www.google.com\/intl\/de_de\/help\/terms_maps.html<\/a>.<\/p>\n<h4>Einsatz von facebook-Komponenten<\/h4>\n<p>Wir setzen auf unserer Seite Komponenten des Anbieters facebook.com ein. Facebook ist ein Service der facebook Inc., 1601 S. California Ave, Palo Alto, CA 94304, USA.<br \/>\nBei jedem einzelnen Abruf unserer Webseite, die mit einer solchen Komponente ausgestattet ist, veranlasst diese Komponente, dass der von Ihnen verwendete Browser eine entsprechende Darstellung der Komponente von facebook herunterl\u00e4dt. Durch diesen Vorgang wird facebook dar\u00fcber in Kenntnis gesetzt, welche konkrete Seite unserer Internetpr\u00e4senz gerade durch Sie besucht wird.<br \/>\nWenn Sie unsere Seite aufrufen und w\u00e4hrenddessen bei facebook eingeloggt sind, erkennt facebook durch die von der Komponente gesammelte Information, welche konkrete Seite Sie besuchen und ordnet diese Informationen Ihrem pers\u00f6nlichen Account auf facebook zu. Klicken Sie z.B. den \u00a0\u201eGef\u00e4llt mir\u201c-Button an oder geben Sie entsprechende Kommentare ab, werden diese Informationen an Ihr pers\u00f6nliches Benutzerkonto auf facebook \u00fcbermittelt und dort gespeichert. Dar\u00fcber hinaus wird die Information, dass Sie unsere Seite besucht haben, an facebook weiter gegeben. Dies geschieht unabh\u00e4ngig davon, ob Sie die Komponente anklicken oder nicht.<br \/>\nWenn Sie diese \u00dcbermittlung und Speicherung von Daten \u00fcber Sie und Ihr Verhalten auf unserer Webseite durch facebook unterbinden wollen, m\u00fcssen Sie sich bei facebook ausloggen und zwar bevor Sie unsere Seite besuchen. Die Datenschutzhinweise von facebook geben hierzu n\u00e4here Informationen, insbesondere zur Erhebung und Nutzung der Daten durch facebook, zu Ihren diesbez\u00fcglichen Rechten sowie zu den Einstellungsm\u00f6glichkeiten zum Schutz Ihrer Privatsph\u00e4re: <a href=\"https:\/\/de-de.facebook.com\/about\/privacy\/\" target=\"_blank\" rel=\"nofollow noopener\">https:\/\/de-de.facebook.com\/about\/privacy\/<\/a><br \/>\nZudem sind am Markt externe Tools erh\u00e4ltlich, mit denen Facebook-Social-Plugins mit Add-ons f\u00fcr alle g\u00e4ngigen Browser blockiert werden k\u00f6nnen <a href=\"http:\/\/webgraph.com\/resources\/facebookblocker\/\" target=\"_blank\" rel=\"nofollow noopener\">http:\/\/webgraph.com\/resources\/facebookblocker\/<\/a><br \/>\nEine \u00dcbersicht \u00fcber die Facebook-Plugins finden Sie unter <a href=\"https:\/\/developers.facebook.com\/docs\/plugins\/\" target=\"_blank\" rel=\"nofollow noopener\">https:\/\/developers.facebook.com\/docs\/plugins\/<\/a><\/p>\n<h4>Einsatz der Twitter-Empfehlungs-Komponenten<\/h4>\n<p>Wir setzen auf unserer Seite Komponenten des Anbieters Twitter ein. Twitter ist ein Service der Twitter Inc., 795 Folsom St., Suite 600, San Francisco, CA 94107, USA.<\/p>\n<p>Bei jedem einzelnen Abruf unserer Webseite, die mit einer solchen Komponente ausgestattet ist, veranlasst diese Komponente, dass der von Ihnen verwendete Browser eine entsprechende Darstellung der Komponente von Twitter herunterl\u00e4dt. Durch diesen Vorgang wird Twitter dar\u00fcber in Kenntnis gesetzt, welche konkrete Seite unserer Internetpr\u00e4senz gerade besucht wird.<br \/>\nWir haben weder Einfluss auf die Daten, die Twitter hierdurch erhebt, noch \u00fcber den Umfang dieser durch Twitter erhobenen Daten. Nach unserem Kenntnisstand wird von Twitter die URL der jeweiligen aufgerufenen Webseite sowie IP-Adresse des Nutzers erhoben, jedoch nicht f\u00fcr andere Zwecke, als die Darstellung der Twitter- Komponente, genutzt. Weitere Informationen hierzu finden sich in der Datenschutzerkl\u00e4rung von Twitter unter <a href=\"http:\/\/twitter.com\/privacy\" target=\"_blank\" rel=\"nofollow noopener\">http:\/\/twitter.com\/privacy<\/a>.<\/p>\n<p>Ihre Datenschutzeinstellungen k\u00f6nnen Sie in den Konto-Einstellungen unter <a href=\"http:\/\/twitter.com\/account\/settings\" target=\"_blank\" rel=\"nofollow noopener\">http:\/\/twitter.com\/account\/settings<\/a> \u00e4ndern.<\/p>\n<h4>Einsatz von YouTube-Komponenten mit erweitertem Datenschutzmodus<\/h4>\n<p>Auf unserer Webseite setzen wir Komponenten (Videos) des Unternehmens YouTube, LLC 901 Cherry Ave., 94066 San Bruno, CA, USA, einem Unternehmen der Google Inc., Amphitheatre Parkway, Mountain View, CA 94043, USA, ein.<\/p>\n<p>Hierbei nutzen wir die von YouTube zur Verf\u00fcgung gestellte Option &#8220; &#8211; erweiterter Datenschutzmodus &#8211; &#8222;.<\/p>\n<p>Wenn Sie eine Seite aufrufen, die \u00fcber ein eingebettetes Video verf\u00fcgt, wird eine Verbindung zu den YouTube-Servern hergestellt und dabei der Inhalt durch Mitteilung an Ihren Browser auf der Internetseite dargestellt.<\/p>\n<p>Laut den Angaben von YouTube werden im &#8220; &#8211; erweiterten Datenschutzmodus -&#8220; nur Daten an den YouTube-Server \u00fcbermittelt, insbesondere welche unserer Internetseiten Sie besucht haben, wenn Sie das Video anschauen. Sind Sie gleichzeitig bei YouTube eingeloggt, werden diese Informationen Ihrem Mitgliedskonto bei YouTube zugeordnet. Dies k\u00f6nnen Sie verhindern, indem Sie sich vor dem Besuch unserer Website von Ihrem Mitgliedskonto abmelden.<\/p>\n<p>Weitere Informationen zum Datenschutz von YouTube werden von Google unter dem folgenden Link bereitgestellt:<\/p>\n<p><a href=\"https:\/\/www.google.de\/intl\/de\/policies\/privacy\/\" target=\"_blank\" rel=\"nofollow noopener\">https:\/\/www.google.de\/intl\/de\/policies\/privacy\/<\/a><\/p>\n<h4>Einsatz von Vimeo-Komponenten<\/h4>\n<p>Wir setzen auf unserer Seite Komponenten des Anbieters Vimeo ein. \u00a0Vimeo ist ein Service der Vimeo LCC, 555 West 18th Street, New York, New York 10011, USA. Bei jedem einzelnen Abruf unserer Webseite, die mit einer solchen Komponente ausgestattet ist, veranlasst diese Komponente, dass der von Ihnen verwendete Browser eine entsprechende Darstellung der Komponente von Vimeo herunterl\u00e4dt. Wenn Sie unsere Seite aufrufen und w\u00e4hrenddessen bei Vimeo eingeloggt sind, erkennt Vimeo durch die von der Komponente gesammelten Informationen, welche konkrete Seite Sie besuchen und ordnet diese Informationen Ihrem pers\u00f6nlichen Account bei Vimeo zu. Klicken Sie z.B. den \u201ePlay\u201c-Button an oder geben Sie entsprechende Kommentare ab, werden diese Informationen an Ihr pers\u00f6nliches Benutzerkonto bei Vimeo \u00fcbermittelt und dort gespeichert. Dar\u00fcber hinaus wird die Information, dass Sie unsere Seite besucht haben, an Vimeo weitergegeben. Dies geschieht unabh\u00e4ngig davon, ob Sie z.B. die Komponente anklicken\/Kommentare abgeben oder nicht.<\/p>\n<p>Wenn Sie diese \u00dcbermittlung und Speicherung von Daten \u00fcber Sie und Ihr Verhalten auf unserer Webseite durch Vimeo unterbinden wollen, m\u00fcssen Sie sich bei Vimeo ausloggen und zwar bevor Sie unsere Seite besuchen. Die Datenschutzhinweise von Vimeo geben hierzu n\u00e4here Informationen, insbesondere zur Erhebung und Nutzung der Daten durch Vimeo: <a href=\"https:\/\/vimeo.com\/privacy\" target=\"_blank\" rel=\"nofollow noopener\">https:\/\/vimeo.com\/privacy<\/a><\/p>\n<h4>Einsatz von Tumblr<\/h4>\n<p>Wir setzen auf unserer Seite Komponenten des Anbieters Tumblr ein. Diese Komponenten sind ein Service der Tumblr, Inc., 35 East 21st St, 10th Floor, New York, NY 10010, USA. Bei jedem einzelnen Abruf unserer Webseite, die mit einer solchen \u201eTumblr\u201c-Komponente ausgestattet ist, veranlasst diese Komponente, dass der von Ihnen verwendete Browser eine entsprechende Darstellung der Komponente von tumblr.com herunterl\u00e4dt. Durch diesen Vorgang wird Tumblr dar\u00fcber in Kenntnis gesetzt, welche konkrete Seite unseres Internetauftrittes von welcher IP-Adresse gerade besucht wird. Wir haben weder Einfluss auf den Umfang der Daten noch auf die Daten selbst, die Tumblr durch diese Komponente erhebt. Nach unserem Kenntnisstand wird die Komponente nicht f\u00fcr andere Zwecke als die Darstellung der Schaltfl\u00e4che genutzt. Weitere Informationen hierzu finden sich in der Datenschutzerkl\u00e4rung von Tumblr unter <a href=\"https:\/\/www.tumblr.com\/policy\/en\/privacy\" target=\"_blank\" rel=\"nofollow noopener\">https:\/\/www.tumblr.com\/policy\/en\/privacy<\/a>. Um zu verhindern, dass Tumblr den Besuch unserer Seite Ihrem Tumblr-Konto zuordnen kann, m\u00fcssen Sie sich vor dem Besuch unserer Seite von Ihrem Tumblr-Account abmelden.<\/p>\n<h4>Einsatz von Jetpack mit wordpress.com STATS<\/h4>\n<p>Wir setzen auf unserer Seite die Komponente Jetpack der Automattic Inc., 132 Hawthorne Street, San Francisco, CA 94107, United States of America, unter Einsatz der Technologie der Quantcast Corp., 201 Third Street, 2nd Floor, San Francisco, CA 94103, United States of America, ein. Bei jedem einzelnen Aufruf unserer Seite werden durch den Einsatz von Cookies Daten zur Webanalyse gesammelt und in den USA gespeichert. Cookies sind kleine Textdateien, die lokal im Zwischenspeicher des Internet-Browsers des Besuchers gespeichert werden, um so die Wiedererkennung des Internet-Browsers des Besuchers zu erm\u00f6glichen. Die IP-Adresse wird hierbei unverz\u00fcglich nach der Verarbeitung jedoch noch vor deren Speicherung anonymisiert. Sie k\u00f6nnen die Installation der Cookies durch eine entsprechende Einstellung Ihrer Browser-Software verhindern bzw. bereits gespeicherte Cookies l\u00f6schen; wir weisen Sie jedoch darauf hin, dass Sie in diesem Fall gegebenenfalls nicht s\u00e4mtliche Funktionen unserer Website vollumf\u00e4nglich nutzen k\u00f6nnen.<\/p>\n<p>Der Erhebung und Nutzung der Daten durch die Komponente Jetpack kann mit Wirkung f\u00fcr die Zukunft widersprochen werden, wenn Sie ein Opt-Out-Cookie in Ihrem Browser \u00fcber die Seite <a href=\"http:\/\/www.quantcast.com\/opt-out\" target=\"_blank\" rel=\"noopener\">http:\/\/www.quantcast.com\/opt-out<\/a> setzen. Wenn Sie alle Cookies Ihres Browsers l\u00f6schen sollten, muss der Vorgang wiederholt werden.<\/p>\n<h4>Einsatz von Instagram<\/h4>\n<p>Wir setzen auf unserer Website den Dienst Instagram ein. Instagram ist ein Service der Instagram Inc. Durch den eingebundenen \u201eInsta\u201c-Button auf unsere Seite erh\u00e4lt Instagram die Information, dass Sie die entsprechende Seite unseres Internetauftritts aufgerufen haben. Sind Sie bei Instagram eingeloggt, kann Instagram diesen Besuch auf unserer Seite Ihrem Instagram -Konto zuordnen und die Daten somit verkn\u00fcpfen. Die durch Anklicken des \u201eInsta\u201c-Buttons \u00fcbermittelten Daten werden von Instagram gespeichert. Zu Zweck und Umfang der Datenerhebung, deren Verarbeitung und Nutzung sowie Ihren diesbez\u00fcglichen Rechten und Einstellungsm\u00f6glichkeiten zum Schutz Ihrer Privatsph\u00e4re erhalten Sie weitere Informationen in den Instagram -Datenschutzhinweisen, die Sie \u00fcber <a href=\"https:\/\/help.instagram.com\/155833707900388\" target=\"_blank\" rel=\"noopener\">https:\/\/help.instagram.com\/155833707900388<\/a> abrufen k\u00f6nnen.<\/p>\n<p>Um zu verhindern, dass Instagram den Besuch unserer Seite Ihrem Instagram-Konto zuordnen kann, m\u00fcssen Sie sich vor dem Besuch unserer Seite von Ihrem Instagram-Account abmelden.<\/p>\n<h4>Einsatz von Amazon-Partnerprogramm<\/h4>\n<p>Nina J\u00e4ger\u00a0ist Teilnehmer des Partnerprogramms von Amazon EU, das zur Bereitstellung eines Mediums f\u00fcr Websites konzipiert wurde, mittels dessen durch die Platzierung von Werbeanzeigen und Links zu [bitte f\u00fcgen Sie hier den zutreffenden Namen der Website ein (Amazon.co.uk \/ Javari.co.uk \/ Local.Amazon.co.uk \/ Amazon.de \/ Javari.de \/ de.BuyVIP.com \/ Amazon.fr \/ Javari.fr \/ Amazon.it \/ it.BuyVIP.com \/ Amazon.es \/ es.BuyVIP.com )] Werbekostenerstattung verdient werden kann. Zur Nachverfolgung der Bestellung setzt Amazon Cookies ein, die es erm\u00f6glichen, zu erkennen, dass Sie auf unserer Seite einen Partnerlink angeklickt haben. Weitere Informationen zur Datennutzung durch Amazon erhalten Sie in der Datenschutzerkl\u00e4rung des Unternehmens: <a href=\"http:\/\/www.amazon.de\/gp\/help\/customer\/display.html\/ref=footer_privacy?ie=UTF8&amp;nodeId=3312401\" target=\"_blank\" rel=\"nofollow noopener\">http:\/\/www.amazon.de\/gp\/help\/customer\/display.html\/ref=footer_privacy?ie=UTF8&amp;nodeId=3312401<\/a><\/p>\n<h3>Auskunft\/Widerruf\/L\u00f6schung<\/h3>\n<p>Sie k\u00f6nnen sich aufgrund des Bundesdatenschutzgesetzes bei Fragen zur Erhebung, Verarbeitung oder Nutzung Ihrer personenbezogenen Daten und deren Berichtigung, Sperrung, L\u00f6schung oder einem Widerruf einer erteilten Einwilligung unentgeltlich an uns wenden. Wir weisen darauf hin, dass Ihnen ein Recht auf Berichtigung falscher Daten oder L\u00f6schung personenbezogener Daten zusteht, sollte diesem Anspruch keine gesetzliche Aufbewahrungspflicht entgegenstehen.<\/p>\n<p><a href=\"https:\/\/www.ratgeberrecht.eu\/leistungen\/muster-datenschutzerklaerung.html\" target=\"_blank\" rel=\"noopener\">Muster-Datenschutzerkl\u00e4rung<\/a> der <a href=\"https:\/\/www.ratgeberrecht.eu\/\" target=\"_blank\" rel=\"noopener\">Anwaltskanzlei Wei\u00df &amp; Partner<\/a><\/p>\n","protected":false},"excerpt":{"rendered":"<p>Die Nutzung unserer Seite ist ohne eine Angabe von personenbezogenen Daten m\u00f6glich. F\u00fcr die Nutzung einzelner Services unserer Seite k\u00f6nnen sich hierf\u00fcr abweichende Regelungen ergeben, die in diesem Falle nachstehend gesondert erl\u00e4utert werden. Ihre personenbezogenen Daten (z.B. Name, Anschrift, E-Mail, Telefonnummer, u.\u00e4.) werden von uns nur gem\u00e4\u00df den Bestimmungen des deutschen Datenschutzrechts verarbeitet. Daten sind [&hellip;]<\/p>\n","protected":false},"author":1,"featured_media":0,"parent":0,"menu_order":0,"comment_status":"closed","ping_status":"closed","template":"","meta":[],"_links":{"self":[{"href":"http:\/\/www.nina-jaeger.de\/blog\/index.php?rest_route=\/wp\/v2\/pages\/1763"}],"collection":[{"href":"http:\/\/www.nina-jaeger.de\/blog\/index.php?rest_route=\/wp\/v2\/pages"}],"about":[{"href":"http:\/\/www.nina-jaeger.de\/blog\/index.php?rest_route=\/wp\/v2\/types\/page"}],"author":[{"embeddable":true,"href":"http:\/\/www.nina-jaeger.de\/blog\/index.php?rest_route=\/wp\/v2\/users\/1"}],"replies":[{"embeddable":true,"href":"http:\/\/www.nina-jaeger.de\/blog\/index.php?rest_route=%2Fwp%2Fv2%2Fcomments&post=1763"}],"version-history":[{"count":1,"href":"http:\/\/www.nina-jaeger.de\/blog\/index.php?rest_route=\/wp\/v2\/pages\/1763\/revisions"}],"predecessor-version":[{"id":1766,"href":"http:\/\/www.nina-jaeger.de\/blog\/index.php?rest_route=\/wp\/v2\/pages\/1763\/revisions\/1766"}],"wp:attachment":[{"href":"http:\/\/www.nina-jaeger.de\/blog\/index.php?rest_route=%2Fwp%2Fv2%2Fmedia&parent=1763"}],"curies":[{"name":"wp","href":"https:\/\/api.w.org\/{rel}","templated":true}]}}